{"id":19,"date":"2025-04-01T08:45:25","date_gmt":"2025-04-01T08:45:25","guid":{"rendered":"https:\/\/moaicafeteria.rkinformatika.online\/?page_id=19"},"modified":"2025-04-02T15:49:55","modified_gmt":"2025-04-02T15:49:55","slug":"inicio","status":"publish","type":"page","link":"https:\/\/moaicafeteria.com\/en\/","title":{"rendered":"Home"},"content":{"rendered":"<div data-elementor-type=\"wp-post\" data-elementor-id=\"19\" class=\"elementor elementor-19\" data-elementor-post-type=\"page\">\n\t\t\t\t<div class=\"elementor-element elementor-element-b66d977 e-flex e-con-boxed e-con e-parent\" data-id=\"b66d977\" data-element_type=\"container\" data-e-type=\"container\" data-settings=\"{&quot;background_background&quot;:&quot;classic&quot;}\">\n\t\t\t\t\t<div class=\"e-con-inner\">\n\t\t\t\t<div class=\"elementor-element elementor-element-f3d09f5 elementor-invisible elementor-widget elementor-widget-heading\" data-id=\"f3d09f5\" data-element_type=\"widget\" data-e-type=\"widget\" data-settings=\"{&quot;_animation&quot;:&quot;fadeInDown&quot;,&quot;_animation_delay&quot;:200}\" data-widget_type=\"heading.default\">\n\t\t\t\t<div class=\"elementor-widget-container\">\n\t\t\t\t\t<h2 class=\"elementor-heading-title elementor-size-default\">Since 1999, offering fast and quality solutions in printing and reprography.<\/h2>\t\t\t\t<\/div>\n\t\t\t\t<\/div>\n\t\t\t\t\t<\/div>\n\t\t\t\t<\/div>\n\t\t<div class=\"elementor-element elementor-element-f996585 e-flex e-con-boxed e-con e-parent\" data-id=\"f996585\" data-element_type=\"container\" data-e-type=\"container\">\n\t\t\t\t\t<div class=\"e-con-inner\">\n\t\t<div class=\"elementor-element elementor-element-f0b8651 e-con-full e-flex elementor-invisible e-con e-child\" data-id=\"f0b8651\" data-element_type=\"container\" data-e-type=\"container\" data-settings=\"{&quot;animation&quot;:&quot;fadeInLeft&quot;}\">\n\t\t\t\t<div class=\"elementor-element elementor-element-f39ee4e elementor-invisible elementor-widget elementor-widget-heading\" data-id=\"f39ee4e\" data-element_type=\"widget\" data-e-type=\"widget\" data-settings=\"{&quot;_animation&quot;:&quot;fadeInDown&quot;}\" data-widget_type=\"heading.default\">\n\t\t\t\t<div class=\"elementor-widget-container\">\n\t\t\t\t\t<h2 class=\"elementor-heading-title elementor-size-default\">About Us<\/h2>\t\t\t\t<\/div>\n\t\t\t\t<\/div>\n\t\t\t\t<div class=\"elementor-element elementor-element-231bb0e elementor-widget elementor-widget-text-editor\" data-id=\"231bb0e\" data-element_type=\"widget\" data-e-type=\"widget\" data-widget_type=\"text-editor.default\">\n\t\t\t\t<div class=\"elementor-widget-container\">\n\t\t\t\t\t\t\t\t\t<p class=\"\" data-start=\"115\" data-end=\"335\">At Moai Cafeteria, we believe that every moment matters. From a morning coffee to a drink at the end of the day, our space is designed for you to enjoy a cozy atmosphere, good food, and the best company.<\/p><p class=\"\" data-start=\"337\" data-end=\"548\">Located in Cartagena, Murcia, we offer full breakfasts, sandwiches, fajitas, hot dogs, and a wide variety of drinks, all made with quality ingredients and service that will make you feel at home.<\/p>\t\t\t\t\t\t\t\t<\/div>\n\t\t\t\t<\/div>\n\t\t\t\t<div class=\"elementor-element elementor-element-ee28b83 elementor-invisible elementor-widget elementor-widget-image\" data-id=\"ee28b83\" data-element_type=\"widget\" data-e-type=\"widget\" data-settings=\"{&quot;_animation&quot;:&quot;fadeInRight&quot;}\" data-widget_type=\"image.default\">\n\t\t\t\t<div class=\"elementor-widget-container\">\n\t\t\t\t\t\t\t\t\t\t\t\t\t\t\t<img fetchpriority=\"high\" decoding=\"async\" width=\"800\" height=\"151\" src=\"https:\/\/moaicafeteria.com\/wp-content\/uploads\/2025\/04\/9361041-1024x193.png\" class=\"attachment-large size-large wp-image-535\" alt=\"\" srcset=\"https:\/\/moaicafeteria.com\/wp-content\/uploads\/2025\/04\/9361041-1024x193.png 1024w, https:\/\/moaicafeteria.com\/wp-content\/uploads\/2025\/04\/9361041-300x57.png 300w, https:\/\/moaicafeteria.com\/wp-content\/uploads\/2025\/04\/9361041-768x145.png 768w, https:\/\/moaicafeteria.com\/wp-content\/uploads\/2025\/04\/9361041-18x3.png 18w, https:\/\/moaicafeteria.com\/wp-content\/uploads\/2025\/04\/9361041.png 1253w\" sizes=\"(max-width: 800px) 100vw, 800px\" \/>\t\t\t\t\t\t\t\t\t\t\t\t\t\t\t<\/div>\n\t\t\t\t<\/div>\n\t\t\t\t<\/div>\n\t\t<div class=\"elementor-element elementor-element-c128cd9 e-con-full e-flex e-con e-child\" data-id=\"c128cd9\" data-element_type=\"container\" data-e-type=\"container\">\n\t\t\t\t<div class=\"elementor-element elementor-element-2ec5944 elementor-invisible elementor-widget elementor-widget-image\" data-id=\"2ec5944\" data-element_type=\"widget\" data-e-type=\"widget\" data-settings=\"{&quot;_animation&quot;:&quot;bounceInUp&quot;}\" data-widget_type=\"image.default\">\n\t\t\t\t<div class=\"elementor-widget-container\">\n\t\t\t\t\t\t\t\t\t\t\t\t\t\t\t<img decoding=\"async\" width=\"1600\" height=\"1200\" src=\"https:\/\/moaicafeteria.com\/wp-content\/uploads\/2025\/04\/AF1QipO4BbhGAAOOIKX6ABXNvKRN2ntqocDhAxMc3JJUs3072-v1.jpeg\" class=\"attachment-full size-full wp-image-97\" alt=\"\" srcset=\"https:\/\/moaicafeteria.com\/wp-content\/uploads\/2025\/04\/AF1QipO4BbhGAAOOIKX6ABXNvKRN2ntqocDhAxMc3JJUs3072-v1.jpeg 1600w, https:\/\/moaicafeteria.com\/wp-content\/uploads\/2025\/04\/AF1QipO4BbhGAAOOIKX6ABXNvKRN2ntqocDhAxMc3JJUs3072-v1-300x225.jpeg 300w, https:\/\/moaicafeteria.com\/wp-content\/uploads\/2025\/04\/AF1QipO4BbhGAAOOIKX6ABXNvKRN2ntqocDhAxMc3JJUs3072-v1-1024x768.jpeg 1024w, https:\/\/moaicafeteria.com\/wp-content\/uploads\/2025\/04\/AF1QipO4BbhGAAOOIKX6ABXNvKRN2ntqocDhAxMc3JJUs3072-v1-768x576.jpeg 768w, https:\/\/moaicafeteria.com\/wp-content\/uploads\/2025\/04\/AF1QipO4BbhGAAOOIKX6ABXNvKRN2ntqocDhAxMc3JJUs3072-v1-1536x1152.jpeg 1536w, https:\/\/moaicafeteria.com\/wp-content\/uploads\/2025\/04\/AF1QipO4BbhGAAOOIKX6ABXNvKRN2ntqocDhAxMc3JJUs3072-v1-16x12.jpeg 16w\" sizes=\"(max-width: 1600px) 100vw, 1600px\" \/>\t\t\t\t\t\t\t\t\t\t\t\t\t\t\t<\/div>\n\t\t\t\t<\/div>\n\t\t\t\t<\/div>\n\t\t\t\t\t<\/div>\n\t\t\t\t<\/div>\n\t\t<div class=\"elementor-element elementor-element-2411f75 e-flex e-con-boxed e-con e-parent\" data-id=\"2411f75\" data-element_type=\"container\" data-e-type=\"container\" data-settings=\"{&quot;background_background&quot;:&quot;classic&quot;,&quot;shape_divider_top&quot;:&quot;mountains&quot;}\">\n\t\t\t\t\t<div class=\"e-con-inner\">\n\t\t\t\t<div class=\"elementor-shape elementor-shape-top\" aria-hidden=\"true\" data-negative=\"false\">\n\t\t\t<svg xmlns=\"http:\/\/www.w3.org\/2000\/svg\" viewbox=\"0 0 1000 100\" preserveaspectratio=\"none\">\n\t<path class=\"elementor-shape-fill\" opacity=\"0.33\" d=\"M473,67.3c-203.9,88.3-263.1-34-320.3,0C66,119.1,0,59.7,0,59.7V0h1000v59.7 c0,0-62.1,26.1-94.9,29.3c-32.8,3.3-62.8-12.3-75.8-22.1C806,49.6,745.3,8.7,694.9,4.7S492.4,59,473,67.3z\"\/>\n\t<path class=\"elementor-shape-fill\" opacity=\"0.66\" d=\"M734,67.3c-45.5,0-77.2-23.2-129.1-39.1c-28.6-8.7-150.3-10.1-254,39.1 s-91.7-34.4-149.2,0C115.7,118.3,0,39.8,0,39.8V0h1000v36.5c0,0-28.2-18.5-92.1-18.5C810.2,18.1,775.7,67.3,734,67.3z\"\/>\n\t<path class=\"elementor-shape-fill\" d=\"M766.1,28.9c-200-57.5-266,65.5-395.1,19.5C242,1.8,242,5.4,184.8,20.6C128,35.8,132.3,44.9,89.9,52.5C28.6,63.7,0,0,0,0 h1000c0,0-9.9,40.9-83.6,48.1S829.6,47,766.1,28.9z\"\/>\n<\/svg>\t\t<\/div>\n\t\t\t\t<div class=\"elementor-element elementor-element-dfff6eb elementor-invisible elementor-widget elementor-widget-heading\" data-id=\"dfff6eb\" data-element_type=\"widget\" data-e-type=\"widget\" data-settings=\"{&quot;_animation&quot;:&quot;fadeInDown&quot;}\" data-widget_type=\"heading.default\">\n\t\t\t\t<div class=\"elementor-widget-container\">\n\t\t\t\t\t<h2 class=\"elementor-heading-title elementor-size-default\">What do we offer?<\/h2>\t\t\t\t<\/div>\n\t\t\t\t<\/div>\n\t\t\t\t<div class=\"elementor-element elementor-element-70ba059 elementor-invisible elementor-widget elementor-widget-heading\" data-id=\"70ba059\" data-element_type=\"widget\" data-e-type=\"widget\" data-settings=\"{&quot;_animation&quot;:&quot;fadeInDown&quot;}\" data-widget_type=\"heading.default\">\n\t\t\t\t<div class=\"elementor-widget-container\">\n\t\t\t\t\t<h2 class=\"elementor-heading-title elementor-size-default\">At Moai Cafeteria, every visit is a unique experience. From the early hours of the day, we offer full breakfasts with freshly brewed coffee, toast, and pastries, perfect for starting your day with energy. Our menu includes sandwiches, fajitas, and hot dogs, made with fresh ingredients and full of flavor.\n\nAs the night falls, our atmosphere transforms into the perfect spot to enjoy drinks and cocktails, share good times, and watch the best games on the big screen. We also have a cozy terrace and nearby parking to make your visit even more convenient.<\/h2>\t\t\t\t<\/div>\n\t\t\t\t<\/div>\n\t\t\t\t\t<\/div>\n\t\t\t\t<\/div>\n\t\t\t\t<\/div>","protected":false},"excerpt":{"rendered":"<p>Desde 1999, ofreciendo soluciones r\u00e1pidas y de calidad en impresi\u00f3n y reprograf\u00eda. Sobre Nosotros En Moai Cafeter\u00eda creemos que cada momento cuenta. Desde un caf\u00e9 matutino hasta una copa al final del d\u00eda, nuestro espacio est\u00e1 dise\u00f1ado para que disfrutes de un ambiente acogedor, buena comida y la mejor compa\u00f1\u00eda. Ubicados en Cartagena, Murcia, ofrecemos [&hellip;]<\/p>\n","protected":false},"author":1,"featured_media":0,"parent":0,"menu_order":0,"comment_status":"closed","ping_status":"closed","template":"elementor_canvas","meta":{"footnotes":""},"class_list":["post-19","page","type-page","status-publish","hentry"],"yoast_head":"<!-- This site is optimized with the Yoast SEO plugin v27.3 - https:\/\/yoast.com\/product\/yoast-seo-wordpress\/ -->\n<title>Inicio - Moai Cafeter\u00eda<\/title>\n<meta name=\"robots\" content=\"index, follow, max-snippet:-1, max-image-preview:large, max-video-preview:-1\" \/>\n<link rel=\"canonical\" href=\"https:\/\/moaicafeteria.com\/en\/\" \/>\n<meta property=\"og:locale\" content=\"en_US\" \/>\n<meta property=\"og:type\" content=\"article\" \/>\n<meta property=\"og:title\" content=\"Inicio - Moai Cafeter\u00eda\" \/>\n<meta property=\"og:description\" content=\"Desde 1999, ofreciendo soluciones r\u00e1pidas y de calidad en impresi\u00f3n y reprograf\u00eda. Sobre Nosotros En Moai Cafeter\u00eda creemos que cada momento cuenta. Desde un caf\u00e9 matutino hasta una copa al final del d\u00eda, nuestro espacio est\u00e1 dise\u00f1ado para que disfrutes de un ambiente acogedor, buena comida y la mejor compa\u00f1\u00eda. Ubicados en Cartagena, Murcia, ofrecemos [&hellip;]\" \/>\n<meta property=\"og:url\" content=\"https:\/\/moaicafeteria.com\/en\/\" \/>\n<meta property=\"og:site_name\" content=\"Moai Cafeter\u00eda\" \/>\n<meta property=\"article:modified_time\" content=\"2025-04-02T15:49:55+00:00\" \/>\n<meta property=\"og:image\" content=\"https:\/\/moaicafeteria.com\/wp-content\/uploads\/2025\/04\/9361041-1024x193.png\" \/>\n<meta name=\"twitter:card\" content=\"summary_large_image\" \/>\n<meta name=\"twitter:label1\" content=\"Est. reading time\" \/>\n\t<meta name=\"twitter:data1\" content=\"2 minutes\" \/>\n<script type=\"application\/ld+json\" class=\"yoast-schema-graph\">{\"@context\":\"https:\\\/\\\/schema.org\",\"@graph\":[{\"@type\":\"WebPage\",\"@id\":\"https:\\\/\\\/moaicafeteria.com\\\/\",\"url\":\"https:\\\/\\\/moaicafeteria.com\\\/\",\"name\":\"Inicio - Moai Cafeter\u00eda\",\"isPartOf\":{\"@id\":\"https:\\\/\\\/moaicafeteria.com\\\/#website\"},\"primaryImageOfPage\":{\"@id\":\"https:\\\/\\\/moaicafeteria.com\\\/#primaryimage\"},\"image\":{\"@id\":\"https:\\\/\\\/moaicafeteria.com\\\/#primaryimage\"},\"thumbnailUrl\":\"https:\\\/\\\/moaicafeteria.com\\\/wp-content\\\/uploads\\\/2025\\\/04\\\/9361041-1024x193.png\",\"datePublished\":\"2025-04-01T08:45:25+00:00\",\"dateModified\":\"2025-04-02T15:49:55+00:00\",\"breadcrumb\":{\"@id\":\"https:\\\/\\\/moaicafeteria.com\\\/#breadcrumb\"},\"inLanguage\":\"en-US\",\"potentialAction\":[{\"@type\":\"ReadAction\",\"target\":[\"https:\\\/\\\/moaicafeteria.com\\\/\"]}]},{\"@type\":\"ImageObject\",\"inLanguage\":\"en-US\",\"@id\":\"https:\\\/\\\/moaicafeteria.com\\\/#primaryimage\",\"url\":\"https:\\\/\\\/moaicafeteria.com\\\/wp-content\\\/uploads\\\/2025\\\/04\\\/9361041-1024x193.png\",\"contentUrl\":\"https:\\\/\\\/moaicafeteria.com\\\/wp-content\\\/uploads\\\/2025\\\/04\\\/9361041-1024x193.png\"},{\"@type\":\"BreadcrumbList\",\"@id\":\"https:\\\/\\\/moaicafeteria.com\\\/#breadcrumb\",\"itemListElement\":[{\"@type\":\"ListItem\",\"position\":1,\"name\":\"Portada\",\"item\":\"https:\\\/\\\/moaicafeteria.com\\\/\"},{\"@type\":\"ListItem\",\"position\":2,\"name\":\"Inicio\"}]},{\"@type\":\"WebSite\",\"@id\":\"https:\\\/\\\/moaicafeteria.com\\\/#website\",\"url\":\"https:\\\/\\\/moaicafeteria.com\\\/\",\"name\":\"Moai Cafeter\u00eda\",\"description\":\"\",\"publisher\":{\"@id\":\"https:\\\/\\\/moaicafeteria.com\\\/#organization\"},\"potentialAction\":[{\"@type\":\"SearchAction\",\"target\":{\"@type\":\"EntryPoint\",\"urlTemplate\":\"https:\\\/\\\/moaicafeteria.com\\\/?s={search_term_string}\"},\"query-input\":{\"@type\":\"PropertyValueSpecification\",\"valueRequired\":true,\"valueName\":\"search_term_string\"}}],\"inLanguage\":\"en-US\"},{\"@type\":\"Organization\",\"@id\":\"https:\\\/\\\/moaicafeteria.com\\\/#organization\",\"name\":\"Moai Cafeter\u00eda\",\"url\":\"https:\\\/\\\/moaicafeteria.com\\\/\",\"logo\":{\"@type\":\"ImageObject\",\"inLanguage\":\"en-US\",\"@id\":\"https:\\\/\\\/moaicafeteria.com\\\/#\\\/schema\\\/logo\\\/image\\\/\",\"url\":\"https:\\\/\\\/moaicafeteria.com\\\/wp-content\\\/uploads\\\/2025\\\/04\\\/cropped-WhatsApp-Image-2025-03-24-at-16.28.52.jpeg\",\"contentUrl\":\"https:\\\/\\\/moaicafeteria.com\\\/wp-content\\\/uploads\\\/2025\\\/04\\\/cropped-WhatsApp-Image-2025-03-24-at-16.28.52.jpeg\",\"width\":551,\"height\":370,\"caption\":\"Moai Cafeter\u00eda\"},\"image\":{\"@id\":\"https:\\\/\\\/moaicafeteria.com\\\/#\\\/schema\\\/logo\\\/image\\\/\"}}]}<\/script>\n<!-- \/ Yoast SEO plugin. -->","yoast_head_json":{"title":"Inicio - Moai Cafeter\u00eda","robots":{"index":"index","follow":"follow","max-snippet":"max-snippet:-1","max-image-preview":"max-image-preview:large","max-video-preview":"max-video-preview:-1"},"canonical":"https:\/\/moaicafeteria.com\/en\/","og_locale":"en_US","og_type":"article","og_title":"Inicio - Moai Cafeter\u00eda","og_description":"Desde 1999, ofreciendo soluciones r\u00e1pidas y de calidad en impresi\u00f3n y reprograf\u00eda. Sobre Nosotros En Moai Cafeter\u00eda creemos que cada momento cuenta. Desde un caf\u00e9 matutino hasta una copa al final del d\u00eda, nuestro espacio est\u00e1 dise\u00f1ado para que disfrutes de un ambiente acogedor, buena comida y la mejor compa\u00f1\u00eda. Ubicados en Cartagena, Murcia, ofrecemos [&hellip;]","og_url":"https:\/\/moaicafeteria.com\/en\/","og_site_name":"Moai Cafeter\u00eda","article_modified_time":"2025-04-02T15:49:55+00:00","og_image":[{"url":"https:\/\/moaicafeteria.com\/wp-content\/uploads\/2025\/04\/9361041-1024x193.png","type":"","width":"","height":""}],"twitter_card":"summary_large_image","twitter_misc":{"Est. reading time":"2 minutes"},"schema":{"@context":"https:\/\/schema.org","@graph":[{"@type":"WebPage","@id":"https:\/\/moaicafeteria.com\/","url":"https:\/\/moaicafeteria.com\/","name":"Inicio - Moai Cafeter\u00eda","isPartOf":{"@id":"https:\/\/moaicafeteria.com\/#website"},"primaryImageOfPage":{"@id":"https:\/\/moaicafeteria.com\/#primaryimage"},"image":{"@id":"https:\/\/moaicafeteria.com\/#primaryimage"},"thumbnailUrl":"https:\/\/moaicafeteria.com\/wp-content\/uploads\/2025\/04\/9361041-1024x193.png","datePublished":"2025-04-01T08:45:25+00:00","dateModified":"2025-04-02T15:49:55+00:00","breadcrumb":{"@id":"https:\/\/moaicafeteria.com\/#breadcrumb"},"inLanguage":"en-US","potentialAction":[{"@type":"ReadAction","target":["https:\/\/moaicafeteria.com\/"]}]},{"@type":"ImageObject","inLanguage":"en-US","@id":"https:\/\/moaicafeteria.com\/#primaryimage","url":"https:\/\/moaicafeteria.com\/wp-content\/uploads\/2025\/04\/9361041-1024x193.png","contentUrl":"https:\/\/moaicafeteria.com\/wp-content\/uploads\/2025\/04\/9361041-1024x193.png"},{"@type":"BreadcrumbList","@id":"https:\/\/moaicafeteria.com\/#breadcrumb","itemListElement":[{"@type":"ListItem","position":1,"name":"Portada","item":"https:\/\/moaicafeteria.com\/"},{"@type":"ListItem","position":2,"name":"Inicio"}]},{"@type":"WebSite","@id":"https:\/\/moaicafeteria.com\/#website","url":"https:\/\/moaicafeteria.com\/","name":"Moai Cafeter\u00eda","description":"","publisher":{"@id":"https:\/\/moaicafeteria.com\/#organization"},"potentialAction":[{"@type":"SearchAction","target":{"@type":"EntryPoint","urlTemplate":"https:\/\/moaicafeteria.com\/?s={search_term_string}"},"query-input":{"@type":"PropertyValueSpecification","valueRequired":true,"valueName":"search_term_string"}}],"inLanguage":"en-US"},{"@type":"Organization","@id":"https:\/\/moaicafeteria.com\/#organization","name":"Moai Cafeter\u00eda","url":"https:\/\/moaicafeteria.com\/","logo":{"@type":"ImageObject","inLanguage":"en-US","@id":"https:\/\/moaicafeteria.com\/#\/schema\/logo\/image\/","url":"https:\/\/moaicafeteria.com\/wp-content\/uploads\/2025\/04\/cropped-WhatsApp-Image-2025-03-24-at-16.28.52.jpeg","contentUrl":"https:\/\/moaicafeteria.com\/wp-content\/uploads\/2025\/04\/cropped-WhatsApp-Image-2025-03-24-at-16.28.52.jpeg","width":551,"height":370,"caption":"Moai Cafeter\u00eda"},"image":{"@id":"https:\/\/moaicafeteria.com\/#\/schema\/logo\/image\/"}}]}},"_links":{"self":[{"href":"https:\/\/moaicafeteria.com\/en\/wp-json\/wp\/v2\/pages\/19","targetHints":{"allow":["GET"]}}],"collection":[{"href":"https:\/\/moaicafeteria.com\/en\/wp-json\/wp\/v2\/pages"}],"about":[{"href":"https:\/\/moaicafeteria.com\/en\/wp-json\/wp\/v2\/types\/page"}],"author":[{"embeddable":true,"href":"https:\/\/moaicafeteria.com\/en\/wp-json\/wp\/v2\/users\/1"}],"replies":[{"embeddable":true,"href":"https:\/\/moaicafeteria.com\/en\/wp-json\/wp\/v2\/comments?post=19"}],"version-history":[{"count":128,"href":"https:\/\/moaicafeteria.com\/en\/wp-json\/wp\/v2\/pages\/19\/revisions"}],"predecessor-version":[{"id":745,"href":"https:\/\/moaicafeteria.com\/en\/wp-json\/wp\/v2\/pages\/19\/revisions\/745"}],"wp:attachment":[{"href":"https:\/\/moaicafeteria.com\/en\/wp-json\/wp\/v2\/media?parent=19"}],"curies":[{"name":"wp","href":"https:\/\/api.w.org\/{rel}","templated":true}]}}